{"id":1216,"date":"2023-04-27T08:48:55","date_gmt":"2023-04-27T06:48:55","guid":{"rendered":"http:\/\/www.brokersrl.it\/?page_id=1216"},"modified":"2023-04-27T17:10:41","modified_gmt":"2023-04-27T15:10:41","slug":"privacy-policy","status":"publish","type":"page","link":"http:\/\/www.brokersrl.it\/index.php\/privacy-policy\/","title":{"rendered":"Privacy Policy"},"content":{"rendered":"\n<div class=\"wp-block-citadela-blocks-custom-container citadela-block-custom-container size-wide bg-type-none inside-space-none\"><div class=\"inner-holder\">         <div \r\n            class=\"citadela-block-responsive-text align-left\"\r\n                                 >\r\n            <p class=\"inner-tag\" style=\"\">In ottemperanza degli obblighi derivanti dalla normativa nazionale (D. Lgs 30 giugno 2003 n. 196, Codice in materia di protezione dei dati personali) e comunitaria, (Regolamento europeo per la protezione dei dati personali n. 679\/2016, GDPR) e successive modifiche, il presente sito rispetta e tutela la riservatezza dei visitatori e degli utenti, ponendo in essere ogni sforzo possibile e proporzionato per non ledere i diritti degli utenti.<br>La presente privacy policy si applica esclusivamente alle attivit\u00e0 online del presente sito ed \u00e8 valida per i visitatori\/utenti del sito. Non si applica alle informazioni eventualmente raccolte tramite canali diversi dal presente sito web. Lo scopo dell\u2019informativa privacy \u00e8 di fornire la massima trasparenza relativamente alle informazioni che il sito raccoglie e come le usa.<br><br>Base giuridica del trattamento<br>Il presente sito tratta i dati in base al consenso. Con l\u2019uso o la consultazione del presente sito i visitatori e gli utenti approvano esplicitamente la presente informativa privacy e acconsentono al trattamento dei loro dati personali in relazione alle modalit\u00e0 e alle finalit\u00e0 di seguito descritte, compreso l\u2019eventuale diffusione a terzi se necessaria per l\u2019erogazione di un servizio.<br>Il conferimento dei dati e quindi il Consenso alla raccolta e al trattamento dei dati \u00e8 facoltativo, l\u2019Utente pu\u00f2 negare il consenso, e pu\u00f2 revocare in qualsiasi momento un consenso gi\u00e0 fornito (tramite il link Contatti a fondo pagina). Tuttavia negare il consenso pu\u00f2 comportare l\u2019impossibilit\u00e0 di erogare alcuni servizi e l\u2019esperienza di navigazione nel sito potrebbe essere compromessa.<br>A partire dal 25 maggio 2018 (data di entrata in vigore del GDPR), il presente sito tratter\u00e0 alcuni dei dati in base ai legittimi interessi del titolare del trattamento.<br>Dati raccolti e finalit\u00e0<br>informazioni raccolte Come tutti i siti web anche il presente sito fa uso di log files nei quali vengono conservate informazioni raccolte in maniera automatizzata durante le visite degli utenti. Le informazioni raccolte possono essere le seguenti:<br>\u2013 indirizzo internet protocol (IP);<br>\u2013 tipo di browser e parametri del dispositivo usato per connettersi al sito;<br>\u2013 nome dell\u2019internet service provider (ISP);<br>\u2013 data e orario di visita;<br>\u2013 pagina web di provenienza del visitatore (referral) e di uscita;<br>\u2013 nazione di provenienza;<br>\u2013 eventualmente il numero di click.<br>utilizzo informazioni La raccolta di dati e informazioni avviene per le seguenti finalit\u00e0:<br>\u2013 in forma esclusivamente aggregata e anonima al fine di verificare il corretto funzionamento del sito. Nessuna di queste informazioni \u00e8 correlata alla persona fisica-Utente del sito, e non ne consentono in alcun modo l\u2019identificazione (dal 25 maggio 2018 tali informazioni saranno trattate in base ai legittimi interessi del titolare);<br>\u2013 a fini di sicurezza (filtri antispam, firewall, rilevazione virus), i dati registrati automaticamente possono eventualmente comprendere anche dati personali come l\u2019indirizzo Ip, che potrebbe essere utilizzato, conformemente alle leggi vigenti in materia, al fine di bloccare tentativi di danneggiamento al sito medesimo o di recare danno ad altri utenti, o comunque attivit\u00e0 dannose o costituenti reato. Tali dati non sono mai utilizzati per l\u2019identificazione o la profilazione dell\u2019utente, n\u00e9 incrociati con altri dati, n\u00e9 forniti a terzi, ma utilizzati solo a fini di tutela del sito e dei suoi utenti (dal 25 maggio 2018 tali informazioni saranno trattate in base ai legittimi interessi del titolare);<br>\u2013 comunicare i dati a terze parti che svolgono funzioni necessarie o strumentali all\u2019operativit\u00e0 del servizio, come ad esempio la gestione dei commenti sul sito.<br>informazioni raccolte Qualora il sito consenta l\u2019inserimento di commenti, oppure in caso di specifici servizi richiesti dall\u2019utente (tramite la sezione Contatti), il sito rileva automaticamente e registra alcuni dati identificativi dell\u2019utente, compreso l\u2019indirizzo mail e il nickname. Tali dati si intendono volontariamente forniti dall\u2019utente al momento dell\u2019erogazione del servizio, e sono trattati in base al consenso. Inserendo un commento o altra informazione l\u2019utente accetta espressamente l\u2019informativa privacy, e in particolare acconsente che i contenuti inseriti siano liberamente visualizzabili anche per altri visitatori.<br>I dati ricevuti verranno utilizzati esclusivamente per l\u2019erogazione del servizio richiesto e per il solo tempo necessario per la fornitura del servizio.<br>Le informazioni che gli utenti del sito riterranno di rendere pubbliche tramite i servizi e gli strumenti messi a disposizione degli stessi, sono fornite dall\u2019utente consapevolmente e volontariamente, esentando il presente sito da qualsiasi responsabilit\u00e0 in merito ad eventuali violazioni delle leggi. Spetta all\u2019utente verificare di avere i permessi per l\u2019immissione di dati personali di terzi o di contenuti tutelati dalle norme nazionali ed internazionali.<br>I commenti sono gestiti tramite un servizio esterno (Disqus), per cui si rimanda alle policy del servizio per ulteriori informazioni (si veda la sezione cookies).<br>utilizzo informazioni I dati raccolti dal sito durante il suo funzionamento sono utilizzati esclusivamente per le finalit\u00e0 sopra indicate e conservati per il tempo strettamente necessario a svolgere le attivit\u00e0 precisate. In ogni caso i dati personali rilevati dal sito non saranno forniti mai a terzi, per nessuna ragione, a meno che non si tratti di legittima richiesta da parte dell\u2019autorit\u00e0 giudiziaria e nei soli casi previsti dalla legge. I dati per\u00f2 potranno essere forniti a terzi qualora ci\u00f2 sia necessario per la fornitura di uno specifico servizio richiesto dell\u2019Utente (es. gestione dei commenti), oppure per l\u2019esecuzione di controlli di sicurezza o di ottimizzazione del sito.<br>I dati utilizzati a fini di sicurezza del sito (blocco tentativi di danneggiare il sito) sono conservati per 7 giorni.<br><br>Luogo del trattamento<br>I dati raccolti dal sito sono trattati presso la sede del Titolare del Trattamento, e presso il datacenter del web Hosting. Il web hosting (Aruba Spa, IT), che \u00e8 responsabile del trattamento dei dati, elaborando i dati per conto del titolare, si trova nello Spazio Economico Europeo e agisce in conformit\u00e0 delle norme europee.<br><br>Misure di sicurezza<br>Il presente sito tratta i dati degli utenti in maniera lecita e corretta, adottando le opportune misure di sicurezza volte ad impedire accessi non autorizzati, divulgazione, modifica o distruzione non autorizzata dei dati. Il trattamento viene effettuato mediante strumenti informatici e\/o telematici, con modalit\u00e0 organizzative e con logiche strettamente correlate alle finalit\u00e0 indicate. In particolare il software di gestione dei sito \u00e8 costantemente aggiornato, e regolarmente scansionato al fine di verificare la presenza di virus e codici pericolosi.<br>Oltre al titolare, in alcuni casi, potrebbero avere accesso ai dati categorie di incaricati coinvolti nell\u2019organizzazione del sito (personale amministrativo, commerciale, marketing, legali, amministratori di sistema) ovvero soggetti esterni (come fornitori di servizi tecnici terzi, corrieri postali, hosting provider, societ\u00e0 informatiche, agenzie di comunicazione).<br><br>Diritti dell\u2019utente<br>Ai sensi del Regolamento europeo 679\/2016 (GDPR) e dell\u2019art. 7 del D. Lgs. 30 giugno 2003, n. 196 http:\/\/www.garanteprivacy.it\/web\/guest\/home\/docweb\/-\/docweb-display\/docweb\/1311248 , l\u2019Utente pu\u00f2, secondo le modalit\u00e0 e nei limiti previsti dalla vigente normativa, esercitare i deguenti diritti:<br>\u2013 opporsi in tutto o in parte, per motivi legittimi al trattamento dei dati personali che lo riguardano ai fini di invio di materiale pubblicitario o di vendita diretta o per il compimento di ricerche di mercato o di comunicazione commerciale;<br>\u2013 richiedere la conferma dell\u2019esistenza di dati personali che lo riguardano (diritto di accesso);<br>\u2013 conoscerne l\u2019origine;<br>\u2013 riceverne comunicazione intelligibile;<br>\u2013 avere informazioni circa la logica, le modalit\u00e0 e le finalit\u00e0 del trattamento;<br>\u2013 richiederne l\u2019aggiornamento, la rettifica, l\u2019integrazione, la cancellazione, la trasformazione in forma anonima, il blocco dei dati trattati in violazione di legge, ivi compresi quelli non pi\u00f9 necessari al perseguimento degli scopi per i quali sono stati raccolti;<br>\u2013 nei casi di trattamento basato su consenso, ricevere al solo costo dell\u2019eventuale supporto, i suoi dati forniti al titolare, in forma strutturata e leggibile da un elaboratore di dati e in un formato comunemente usato da un dispositivo elettronico;<br>\u2013 il diritto di presentare un reclamo all\u2019Autorit\u00e0 di controllo (Garante Privacy \u2013 link alla pagina del Garante);<br>\u2013 nonch\u00e9, pi\u00f9 in generale, esercitare tutti i diritti che gli sono riconosciuti dalle vigenti disposizioni di legge.<br>Nel caso in cui i dati siano trattati in base ai legittimi interessi sono comunque garantiti i diritti degli interessati al trattamento (tranne il diritto alla portabilit\u00e0 che non \u00e8 previsto dalle norme), in particolare il diritto di opposizione al trattamento che pu\u00f2 essere esercitato inviando una richiesta al titolare del trattamento.<br>Le richieste vanno rivolte al Titolare del trattamento.<br><br>Titolare del trattamento<br>presentazione Titolare del trattamento ai sensi delle leggi vigenti \u00e8 l\u2019amministratore del sito, Calzaturificio Broker Srl, contattabile tramite la sezione CONTATTI (link in fondo alla pagina).<br><br>Responsabile del Trattamento<br>Il web hosting (Aruba Spa, IT), \u00e8 nominato responsabile del trattamento, elaborando i dati per conto del titolare. Aruba si trova nello Spazio Economico Europeo e agisce in conformit\u00e0 delle norme europee. Google \u00e8 nominato responsabile del trattamento, elaborando dati per conto del titolare (Google Analytics).<\/p>         <\/div>\r\n      <\/div><\/div>\n","protected":false},"excerpt":{"rendered":"","protected":false},"author":1,"featured_media":0,"parent":0,"menu_order":0,"comment_status":"closed","ping_status":"closed","template":"","meta":{"_citadela_hide_page_title":"1","_citadela_remove_header_space":"","_citadela_custom_class":"","_citadela_half_map_provider":"","_citadela_half_map_theme":"","_citadela_half_map_themeOSM":"","_citadela_half_map_customTheme":"","_citadela_half_map_dataType":"","_citadela_half_map_dynamicTrack":false,"_citadela_half_map_trackColor":"","_citadela_half_map_trackEndpointsColor":"","_citadela_half_map_filterCategory":"","_citadela_half_map_filterLocation":"","_citadela_half_map_filterFeatured":false,"_citadela_half_map_noDataBehavior":"empty-map","_citadela_half_map_noDataText":"","_citadela_half_map_clusterGridSize":80,"_citadela_header":false,"_citadela_header_over_content":false,"_citadela_header_text_color":"","_citadela_header_logo":[],"_citadela_header_bg_image":[],"_citadela_header_bg_position":{"x":0.5,"y":0.5},"_citadela_header_bg_size":"cover","_citadela_header_bg_repeat":"no-repeat","_citadela_header_bg_fixed":false,"_citadela_header_bg_color":"","_citadela_header_bg_image_overlay":"","_citadela_header_transparent_bg":false,"_citadela_content_width":"","_citadela_half_layout_position":""},"_links":{"self":[{"href":"http:\/\/www.brokersrl.it\/index.php\/wp-json\/wp\/v2\/pages\/1216"}],"collection":[{"href":"http:\/\/www.brokersrl.it\/index.php\/wp-json\/wp\/v2\/pages"}],"about":[{"href":"http:\/\/www.brokersrl.it\/index.php\/wp-json\/wp\/v2\/types\/page"}],"author":[{"embeddable":true,"href":"http:\/\/www.brokersrl.it\/index.php\/wp-json\/wp\/v2\/users\/1"}],"replies":[{"embeddable":true,"href":"http:\/\/www.brokersrl.it\/index.php\/wp-json\/wp\/v2\/comments?post=1216"}],"version-history":[{"count":3,"href":"http:\/\/www.brokersrl.it\/index.php\/wp-json\/wp\/v2\/pages\/1216\/revisions"}],"predecessor-version":[{"id":1224,"href":"http:\/\/www.brokersrl.it\/index.php\/wp-json\/wp\/v2\/pages\/1216\/revisions\/1224"}],"wp:attachment":[{"href":"http:\/\/www.brokersrl.it\/index.php\/wp-json\/wp\/v2\/media?parent=1216"}],"curies":[{"name":"wp","href":"https:\/\/api.w.org\/{rel}","templated":true}]}}